{"id":2098,"date":"2017-12-20T00:24:18","date_gmt":"2017-12-20T00:24:18","guid":{"rendered":"https:\/\/pepinierestaubin.ca\/home"},"modified":"2021-09-30T15:40:01","modified_gmt":"2021-09-30T15:40:01","slug":"home","status":"publish","type":"page","link":"https:\/\/pepinierestaubin.ca\/en","title":{"rendered":"Home"},"content":{"rendered":"","protected":false},"excerpt":{"rendered":"","protected":false},"author":1,"featured_media":1895,"parent":0,"menu_order":0,"comment_status":"closed","ping_status":"closed","template":"","meta":{"_acf_changed":false,"_genesis_hide_title":false,"_genesis_hide_breadcrumbs":false,"_genesis_hide_singular_image":false,"_genesis_hide_footer_widgets":false,"_genesis_custom_body_class":"","_genesis_custom_post_class":"","_genesis_layout":"","footnotes":""},"class_list":{"0":"post-2098","1":"page","2":"type-page","3":"status-publish","4":"has-post-thumbnail","6":"entry"},"acf":[],"yoast_head":"<!-- This site is optimized with the Yoast SEO plugin v27.3 - https:\/\/yoast.com\/product\/yoast-seo-wordpress\/ -->\n<title>P\u00e9pini\u00e8re Richard St-Aubin - Producteurs de conif\u00e8res et d\u2019arbustes<\/title>\n<meta name=\"description\" content=\"La P\u00e9pini\u00e8re Richard St-Aubin est une entreprise familiale situ\u00e9e en Mont\u00e9r\u00e9gie qui se sp\u00e9cialise dans la vente en gros de plantes de premiere qualit\u00e9.\" \/>\n<meta name=\"robots\" content=\"index, follow, max-snippet:-1, max-image-preview:large, max-video-preview:-1\" \/>\n<link rel=\"canonical\" href=\"https:\/\/pepinierestaubin.ca\/en\" \/>\n<meta property=\"og:locale\" content=\"en_US\" \/>\n<meta property=\"og:type\" content=\"article\" \/>\n<meta property=\"og:title\" content=\"P\u00e9pini\u00e8re Richard St-Aubin - Producteurs de conif\u00e8res et d\u2019arbustes\" \/>\n<meta property=\"og:description\" content=\"La P\u00e9pini\u00e8re Richard St-Aubin est une entreprise familiale situ\u00e9e en Mont\u00e9r\u00e9gie qui se sp\u00e9cialise dans la vente en gros de plantes de premiere qualit\u00e9.\" \/>\n<meta property=\"og:url\" content=\"https:\/\/pepinierestaubin.ca\/en\" \/>\n<meta property=\"og:site_name\" content=\"P\u00e9pini\u00e8re Richard St-Aubin\" \/>\n<meta property=\"article:modified_time\" content=\"2021-09-30T15:40:01+00:00\" \/>\n<meta property=\"og:image\" content=\"https:\/\/pepinierestaubin.ca\/wp-content\/uploads\/2019\/04\/cropped-Pepiniere-Richard-St-Aubin-Banniere.jpg\" \/>\n\t<meta property=\"og:image:width\" content=\"1500\" \/>\n\t<meta property=\"og:image:height\" content=\"853\" \/>\n\t<meta property=\"og:image:type\" content=\"image\/jpeg\" \/>\n<meta name=\"twitter:card\" content=\"summary_large_image\" \/>\n<script type=\"application\/ld+json\" class=\"yoast-schema-graph\">{\"@context\":\"https:\\\/\\\/schema.org\",\"@graph\":[{\"@type\":\"WebPage\",\"@id\":\"https:\\\/\\\/pepinierestaubin.ca\\\/en\",\"url\":\"https:\\\/\\\/pepinierestaubin.ca\\\/en\",\"name\":\"P\u00e9pini\u00e8re Richard St-Aubin - Producteurs de conif\u00e8res et d\u2019arbustes\",\"isPartOf\":{\"@id\":\"https:\\\/\\\/pepinierestaubin.ca\\\/en#website\"},\"primaryImageOfPage\":{\"@id\":\"https:\\\/\\\/pepinierestaubin.ca\\\/en#primaryimage\"},\"image\":{\"@id\":\"https:\\\/\\\/pepinierestaubin.ca\\\/en#primaryimage\"},\"thumbnailUrl\":\"https:\\\/\\\/pepinierestaubin.ca\\\/wp-content\\\/uploads\\\/2019\\\/04\\\/cropped-Pepiniere-Richard-St-Aubin-Banniere.jpg\",\"datePublished\":\"2017-12-20T00:24:18+00:00\",\"dateModified\":\"2021-09-30T15:40:01+00:00\",\"description\":\"La P\u00e9pini\u00e8re Richard St-Aubin est une entreprise familiale situ\u00e9e en Mont\u00e9r\u00e9gie qui se sp\u00e9cialise dans la vente en gros de plantes de premiere qualit\u00e9.\",\"inLanguage\":\"en-US\",\"potentialAction\":[{\"@type\":\"ReadAction\",\"target\":[\"https:\\\/\\\/pepinierestaubin.ca\\\/en\"]}]},{\"@type\":\"ImageObject\",\"inLanguage\":\"en-US\",\"@id\":\"https:\\\/\\\/pepinierestaubin.ca\\\/en#primaryimage\",\"url\":\"https:\\\/\\\/pepinierestaubin.ca\\\/wp-content\\\/uploads\\\/2019\\\/04\\\/cropped-Pepiniere-Richard-St-Aubin-Banniere.jpg\",\"contentUrl\":\"https:\\\/\\\/pepinierestaubin.ca\\\/wp-content\\\/uploads\\\/2019\\\/04\\\/cropped-Pepiniere-Richard-St-Aubin-Banniere.jpg\",\"width\":1500,\"height\":853},{\"@type\":\"WebSite\",\"@id\":\"https:\\\/\\\/pepinierestaubin.ca\\\/en#website\",\"url\":\"https:\\\/\\\/pepinierestaubin.ca\\\/en\",\"name\":\"P\u00e9pini\u00e8re Richard St-Aubin\",\"description\":\"Producteurs de conif\u00e8res et d\u2019arbustes au Qu\u00e9bec\",\"publisher\":{\"@id\":\"https:\\\/\\\/pepinierestaubin.ca\\\/en#organization\"},\"potentialAction\":[{\"@type\":\"SearchAction\",\"target\":{\"@type\":\"EntryPoint\",\"urlTemplate\":\"https:\\\/\\\/pepinierestaubin.ca\\\/en?s={search_term_string}\"},\"query-input\":{\"@type\":\"PropertyValueSpecification\",\"valueRequired\":true,\"valueName\":\"search_term_string\"}}],\"inLanguage\":\"en-US\"},{\"@type\":\"Organization\",\"@id\":\"https:\\\/\\\/pepinierestaubin.ca\\\/en#organization\",\"name\":\"P\u00e9pini\u00e8re Richard St-Aubin\",\"url\":\"https:\\\/\\\/pepinierestaubin.ca\\\/en\",\"logo\":{\"@type\":\"ImageObject\",\"inLanguage\":\"en-US\",\"@id\":\"https:\\\/\\\/pepinierestaubin.ca\\\/en#\\\/schema\\\/logo\\\/image\\\/\",\"url\":\"https:\\\/\\\/pepinierestaubin.ca\\\/wp-content\\\/uploads\\\/2019\\\/04\\\/Pepiniere-Richard-St-Aubin-logo.png\",\"contentUrl\":\"https:\\\/\\\/pepinierestaubin.ca\\\/wp-content\\\/uploads\\\/2019\\\/04\\\/Pepiniere-Richard-St-Aubin-logo.png\",\"width\":380,\"height\":156,\"caption\":\"P\u00e9pini\u00e8re Richard St-Aubin\"},\"image\":{\"@id\":\"https:\\\/\\\/pepinierestaubin.ca\\\/en#\\\/schema\\\/logo\\\/image\\\/\"}}]}<\/script>\n<!-- \/ Yoast SEO plugin. -->","yoast_head_json":{"title":"P\u00e9pini\u00e8re Richard St-Aubin - Producteurs de conif\u00e8res et d\u2019arbustes","description":"La P\u00e9pini\u00e8re Richard St-Aubin est une entreprise familiale situ\u00e9e en Mont\u00e9r\u00e9gie qui se sp\u00e9cialise dans la vente en gros de plantes de premiere qualit\u00e9.","robots":{"index":"index","follow":"follow","max-snippet":"max-snippet:-1","max-image-preview":"max-image-preview:large","max-video-preview":"max-video-preview:-1"},"canonical":"https:\/\/pepinierestaubin.ca\/en","og_locale":"en_US","og_type":"article","og_title":"P\u00e9pini\u00e8re Richard St-Aubin - Producteurs de conif\u00e8res et d\u2019arbustes","og_description":"La P\u00e9pini\u00e8re Richard St-Aubin est une entreprise familiale situ\u00e9e en Mont\u00e9r\u00e9gie qui se sp\u00e9cialise dans la vente en gros de plantes de premiere qualit\u00e9.","og_url":"https:\/\/pepinierestaubin.ca\/en","og_site_name":"P\u00e9pini\u00e8re Richard St-Aubin","article_modified_time":"2021-09-30T15:40:01+00:00","og_image":[{"width":1500,"height":853,"url":"https:\/\/pepinierestaubin.ca\/wp-content\/uploads\/2019\/04\/cropped-Pepiniere-Richard-St-Aubin-Banniere.jpg","type":"image\/jpeg"}],"twitter_card":"summary_large_image","schema":{"@context":"https:\/\/schema.org","@graph":[{"@type":"WebPage","@id":"https:\/\/pepinierestaubin.ca\/en","url":"https:\/\/pepinierestaubin.ca\/en","name":"P\u00e9pini\u00e8re Richard St-Aubin - Producteurs de conif\u00e8res et d\u2019arbustes","isPartOf":{"@id":"https:\/\/pepinierestaubin.ca\/en#website"},"primaryImageOfPage":{"@id":"https:\/\/pepinierestaubin.ca\/en#primaryimage"},"image":{"@id":"https:\/\/pepinierestaubin.ca\/en#primaryimage"},"thumbnailUrl":"https:\/\/pepinierestaubin.ca\/wp-content\/uploads\/2019\/04\/cropped-Pepiniere-Richard-St-Aubin-Banniere.jpg","datePublished":"2017-12-20T00:24:18+00:00","dateModified":"2021-09-30T15:40:01+00:00","description":"La P\u00e9pini\u00e8re Richard St-Aubin est une entreprise familiale situ\u00e9e en Mont\u00e9r\u00e9gie qui se sp\u00e9cialise dans la vente en gros de plantes de premiere qualit\u00e9.","inLanguage":"en-US","potentialAction":[{"@type":"ReadAction","target":["https:\/\/pepinierestaubin.ca\/en"]}]},{"@type":"ImageObject","inLanguage":"en-US","@id":"https:\/\/pepinierestaubin.ca\/en#primaryimage","url":"https:\/\/pepinierestaubin.ca\/wp-content\/uploads\/2019\/04\/cropped-Pepiniere-Richard-St-Aubin-Banniere.jpg","contentUrl":"https:\/\/pepinierestaubin.ca\/wp-content\/uploads\/2019\/04\/cropped-Pepiniere-Richard-St-Aubin-Banniere.jpg","width":1500,"height":853},{"@type":"WebSite","@id":"https:\/\/pepinierestaubin.ca\/en#website","url":"https:\/\/pepinierestaubin.ca\/en","name":"P\u00e9pini\u00e8re Richard St-Aubin","description":"Producteurs de conif\u00e8res et d\u2019arbustes au Qu\u00e9bec","publisher":{"@id":"https:\/\/pepinierestaubin.ca\/en#organization"},"potentialAction":[{"@type":"SearchAction","target":{"@type":"EntryPoint","urlTemplate":"https:\/\/pepinierestaubin.ca\/en?s={search_term_string}"},"query-input":{"@type":"PropertyValueSpecification","valueRequired":true,"valueName":"search_term_string"}}],"inLanguage":"en-US"},{"@type":"Organization","@id":"https:\/\/pepinierestaubin.ca\/en#organization","name":"P\u00e9pini\u00e8re Richard St-Aubin","url":"https:\/\/pepinierestaubin.ca\/en","logo":{"@type":"ImageObject","inLanguage":"en-US","@id":"https:\/\/pepinierestaubin.ca\/en#\/schema\/logo\/image\/","url":"https:\/\/pepinierestaubin.ca\/wp-content\/uploads\/2019\/04\/Pepiniere-Richard-St-Aubin-logo.png","contentUrl":"https:\/\/pepinierestaubin.ca\/wp-content\/uploads\/2019\/04\/Pepiniere-Richard-St-Aubin-logo.png","width":380,"height":156,"caption":"P\u00e9pini\u00e8re Richard St-Aubin"},"image":{"@id":"https:\/\/pepinierestaubin.ca\/en#\/schema\/logo\/image\/"}}]}},"featured_image_src":"https:\/\/pepinierestaubin.ca\/wp-content\/uploads\/2019\/04\/cropped-Pepiniere-Richard-St-Aubin-Banniere.jpg","featured_image_src_square":"https:\/\/pepinierestaubin.ca\/wp-content\/uploads\/2019\/04\/cropped-Pepiniere-Richard-St-Aubin-Banniere.jpg","_links":{"self":[{"href":"https:\/\/pepinierestaubin.ca\/en\/wp-json\/wp\/v2\/pages\/2098","targetHints":{"allow":["GET"]}}],"collection":[{"href":"https:\/\/pepinierestaubin.ca\/en\/wp-json\/wp\/v2\/pages"}],"about":[{"href":"https:\/\/pepinierestaubin.ca\/en\/wp-json\/wp\/v2\/types\/page"}],"author":[{"embeddable":true,"href":"https:\/\/pepinierestaubin.ca\/en\/wp-json\/wp\/v2\/users\/1"}],"replies":[{"embeddable":true,"href":"https:\/\/pepinierestaubin.ca\/en\/wp-json\/wp\/v2\/comments?post=2098"}],"version-history":[{"count":22,"href":"https:\/\/pepinierestaubin.ca\/en\/wp-json\/wp\/v2\/pages\/2098\/revisions"}],"predecessor-version":[{"id":3559,"href":"https:\/\/pepinierestaubin.ca\/en\/wp-json\/wp\/v2\/pages\/2098\/revisions\/3559"}],"wp:featuredmedia":[{"embeddable":true,"href":"https:\/\/pepinierestaubin.ca\/en\/wp-json\/wp\/v2\/media\/1895"}],"wp:attachment":[{"href":"https:\/\/pepinierestaubin.ca\/en\/wp-json\/wp\/v2\/media?parent=2098"}],"curies":[{"name":"wp","href":"https:\/\/api.w.org\/{rel}","templated":true}]}}