{"id":2159,"date":"2019-04-24T20:52:53","date_gmt":"2019-04-24T20:52:53","guid":{"rendered":"https:\/\/pepinierestaubin.ca\/politique-de-confidentialite"},"modified":"2024-10-01T13:12:48","modified_gmt":"2024-10-01T13:12:48","slug":"terms-conditions","status":"publish","type":"page","link":"https:\/\/pepinierestaubin.ca\/en\/terms-conditions","title":{"rendered":"Terms and conditions"},"content":{"rendered":"\n<h2 class=\"wp-block-heading\">Last Updated: September 18, 2024<\/h2>\n\n\n\n<p>At P\u00e9pini\u00e8re Richard St-Aubin, we respect your privacy and are committed to protecting your personal data. This privacy policy outlines how we collect, use, and safeguard your information when you visit our website <a href=\"http:\/\/www.pepinierestaubin.ca\">www.pepinierestaubin.ca<\/a>.<\/p>\n\n\n\n<h2 class=\"wp-block-heading\">1. Information Collection <\/h2>\n\n\n\n<p>We may collect the following types of information:<\/p>\n\n\n\n<ol class=\"wp-block-list\">\n<li>Personal identification information: name, email address.<\/li>\n\n\n\n<li>Non-personal information: browsing data and other technical information.<\/li>\n<\/ol>\n\n\n\n<h2 class=\"wp-block-heading\">2. Use of Information<\/h2>\n\n\n\n<p>We use your personal information to:<\/p>\n\n\n\n<ol class=\"wp-block-list\">\n<li>Process your information requests.<\/li>\n\n\n\n<li>Improve our website and customer service.<\/li>\n<\/ol>\n\n\n\n<h2 class=\"wp-block-heading\">3. Consent<\/h2>\n\n\n\n<p>By providing your personal information, you consent to our collection and use of that information in accordance with this privacy policy. You can withdraw your consent at any time by contacting us.<\/p>\n\n\n\n<h2 class=\"wp-block-heading\">4. Information Protection<\/h2>\n\n\n\n<p>We implement appropriate security measures to protect your personal information against unauthorized access, misuse, disclosure, or destruction.<\/p>\n\n\n\n<h2 class=\"wp-block-heading\">5. Information Sharing<\/h2>\n\n\n\n<p>We do not sell, trade, or transfer your personal information to third parties without your consent, unless required by law or to protect our rights.<\/p>\n\n\n\n<h2 class=\"wp-block-heading\">6. Your Rights<\/h2>\n\n\n\n<p>In accordance with Law 25, you have the right to:<\/p>\n\n\n\n<ol class=\"wp-block-list\">\n<li>Access your personal information that we hold.<\/li>\n\n\n\n<li>Request correction of any inaccurate information.<\/li>\n\n\n\n<li>Request the deletion of your personal information.<\/li>\n<\/ol>\n\n\n\n<p>To exercise your rights, please contact us at: <a href=\"mailto:pepiniererichardstaubin@hotmail.com\">pepiniererichardstaubin@hotmail.com<\/a><\/p>\n\n\n\n<h2 class=\"wp-block-heading\">7. Policy Changes<\/h2>\n\n\n\n<p>We reserve the right to modify this privacy policy at any time. Any changes will be posted on this page with a new update date.<\/p>\n\n\n\n<h2 class=\"wp-block-heading\">8. Contact<\/h2>\n\n\n\n<p>If you have any questions regarding this privacy policy or our data protection practices, please feel free to contact us at:<\/p>\n\n\n\n<p>P\u00e9pini\u00e8re Richard St-Aubin<br>391 rue R\u00e9mi<br>St-Amable, QC<br>J0L 1N0<br>Attention: Personal Information Protection Officer<br><a href=\"mailto:pepiniererichardstaubin@hotmail.com\">pepiniererichardstaubin@hotmail.com<\/a><\/p>\n","protected":false},"excerpt":{"rendered":"<p>Last Updated: September 18, 2024 At P\u00e9pini\u00e8re Richard St-Aubin, we respect your privacy and are committed to protecting your personal data. This privacy policy outlines how we collect, use, and safeguard your information when you visit our website www.pepinierestaubin.ca. 1. Information Collection We may collect the following types of information: 2. Use of Information We [&hellip;]<\/p>\n","protected":false},"author":1,"featured_media":0,"parent":0,"menu_order":0,"comment_status":"closed","ping_status":"open","template":"","meta":{"_acf_changed":false,"_genesis_hide_title":false,"_genesis_hide_breadcrumbs":false,"_genesis_hide_singular_image":false,"_genesis_hide_footer_widgets":false,"_genesis_custom_body_class":"","_genesis_custom_post_class":"","_genesis_layout":"","footnotes":""},"class_list":{"0":"post-2159","1":"page","2":"type-page","3":"status-publish","5":"entry"},"acf":[],"yoast_head":"<!-- This site is optimized with the Yoast SEO plugin v27.3 - https:\/\/yoast.com\/product\/yoast-seo-wordpress\/ -->\n<title>Terms and conditions - P\u00e9pini\u00e8re Richard St-Aubin<\/title>\n<meta name=\"robots\" content=\"index, follow, max-snippet:-1, max-image-preview:large, max-video-preview:-1\" \/>\n<link rel=\"canonical\" href=\"https:\/\/pepinierestaubin.ca\/en\/terms-conditions\" \/>\n<meta property=\"og:locale\" content=\"en_US\" \/>\n<meta property=\"og:type\" content=\"article\" \/>\n<meta property=\"og:title\" content=\"Terms and conditions - P\u00e9pini\u00e8re Richard St-Aubin\" \/>\n<meta property=\"og:description\" content=\"Last Updated: September 18, 2024 At P\u00e9pini\u00e8re Richard St-Aubin, we respect your privacy and are committed to protecting your personal data. This privacy policy outlines how we collect, use, and safeguard your information when you visit our website www.pepinierestaubin.ca. 1. Information Collection We may collect the following types of information: 2. Use of Information We [&hellip;]\" \/>\n<meta property=\"og:url\" content=\"https:\/\/pepinierestaubin.ca\/en\/terms-conditions\" \/>\n<meta property=\"og:site_name\" content=\"P\u00e9pini\u00e8re Richard St-Aubin\" \/>\n<meta property=\"article:modified_time\" content=\"2024-10-01T13:12:48+00:00\" \/>\n<meta name=\"twitter:card\" content=\"summary_large_image\" \/>\n<meta name=\"twitter:label1\" content=\"Est. reading time\" \/>\n\t<meta name=\"twitter:data1\" content=\"2 minutes\" \/>\n<script type=\"application\/ld+json\" class=\"yoast-schema-graph\">{\"@context\":\"https:\\\/\\\/schema.org\",\"@graph\":[{\"@type\":\"WebPage\",\"@id\":\"https:\\\/\\\/pepinierestaubin.ca\\\/en\\\/terms-conditions\",\"url\":\"https:\\\/\\\/pepinierestaubin.ca\\\/en\\\/terms-conditions\",\"name\":\"Terms and conditions - P\u00e9pini\u00e8re Richard St-Aubin\",\"isPartOf\":{\"@id\":\"https:\\\/\\\/pepinierestaubin.ca\\\/en#website\"},\"datePublished\":\"2019-04-24T20:52:53+00:00\",\"dateModified\":\"2024-10-01T13:12:48+00:00\",\"inLanguage\":\"en-US\",\"potentialAction\":[{\"@type\":\"ReadAction\",\"target\":[\"https:\\\/\\\/pepinierestaubin.ca\\\/en\\\/terms-conditions\"]}]},{\"@type\":\"WebSite\",\"@id\":\"https:\\\/\\\/pepinierestaubin.ca\\\/en#website\",\"url\":\"https:\\\/\\\/pepinierestaubin.ca\\\/en\",\"name\":\"P\u00e9pini\u00e8re Richard St-Aubin\",\"description\":\"Producteurs de conif\u00e8res et d\u2019arbustes au Qu\u00e9bec\",\"publisher\":{\"@id\":\"https:\\\/\\\/pepinierestaubin.ca\\\/en#organization\"},\"potentialAction\":[{\"@type\":\"SearchAction\",\"target\":{\"@type\":\"EntryPoint\",\"urlTemplate\":\"https:\\\/\\\/pepinierestaubin.ca\\\/en?s={search_term_string}\"},\"query-input\":{\"@type\":\"PropertyValueSpecification\",\"valueRequired\":true,\"valueName\":\"search_term_string\"}}],\"inLanguage\":\"en-US\"},{\"@type\":\"Organization\",\"@id\":\"https:\\\/\\\/pepinierestaubin.ca\\\/en#organization\",\"name\":\"P\u00e9pini\u00e8re Richard St-Aubin\",\"url\":\"https:\\\/\\\/pepinierestaubin.ca\\\/en\",\"logo\":{\"@type\":\"ImageObject\",\"inLanguage\":\"en-US\",\"@id\":\"https:\\\/\\\/pepinierestaubin.ca\\\/en#\\\/schema\\\/logo\\\/image\\\/\",\"url\":\"https:\\\/\\\/pepinierestaubin.ca\\\/wp-content\\\/uploads\\\/2019\\\/04\\\/Pepiniere-Richard-St-Aubin-logo.png\",\"contentUrl\":\"https:\\\/\\\/pepinierestaubin.ca\\\/wp-content\\\/uploads\\\/2019\\\/04\\\/Pepiniere-Richard-St-Aubin-logo.png\",\"width\":380,\"height\":156,\"caption\":\"P\u00e9pini\u00e8re Richard St-Aubin\"},\"image\":{\"@id\":\"https:\\\/\\\/pepinierestaubin.ca\\\/en#\\\/schema\\\/logo\\\/image\\\/\"}}]}<\/script>\n<!-- \/ Yoast SEO plugin. -->","yoast_head_json":{"title":"Terms and conditions - P\u00e9pini\u00e8re Richard St-Aubin","robots":{"index":"index","follow":"follow","max-snippet":"max-snippet:-1","max-image-preview":"max-image-preview:large","max-video-preview":"max-video-preview:-1"},"canonical":"https:\/\/pepinierestaubin.ca\/en\/terms-conditions","og_locale":"en_US","og_type":"article","og_title":"Terms and conditions - P\u00e9pini\u00e8re Richard St-Aubin","og_description":"Last Updated: September 18, 2024 At P\u00e9pini\u00e8re Richard St-Aubin, we respect your privacy and are committed to protecting your personal data. This privacy policy outlines how we collect, use, and safeguard your information when you visit our website www.pepinierestaubin.ca. 1. Information Collection We may collect the following types of information: 2. Use of Information We [&hellip;]","og_url":"https:\/\/pepinierestaubin.ca\/en\/terms-conditions","og_site_name":"P\u00e9pini\u00e8re Richard St-Aubin","article_modified_time":"2024-10-01T13:12:48+00:00","twitter_card":"summary_large_image","twitter_misc":{"Est. reading time":"2 minutes"},"schema":{"@context":"https:\/\/schema.org","@graph":[{"@type":"WebPage","@id":"https:\/\/pepinierestaubin.ca\/en\/terms-conditions","url":"https:\/\/pepinierestaubin.ca\/en\/terms-conditions","name":"Terms and conditions - P\u00e9pini\u00e8re Richard St-Aubin","isPartOf":{"@id":"https:\/\/pepinierestaubin.ca\/en#website"},"datePublished":"2019-04-24T20:52:53+00:00","dateModified":"2024-10-01T13:12:48+00:00","inLanguage":"en-US","potentialAction":[{"@type":"ReadAction","target":["https:\/\/pepinierestaubin.ca\/en\/terms-conditions"]}]},{"@type":"WebSite","@id":"https:\/\/pepinierestaubin.ca\/en#website","url":"https:\/\/pepinierestaubin.ca\/en","name":"P\u00e9pini\u00e8re Richard St-Aubin","description":"Producteurs de conif\u00e8res et d\u2019arbustes au Qu\u00e9bec","publisher":{"@id":"https:\/\/pepinierestaubin.ca\/en#organization"},"potentialAction":[{"@type":"SearchAction","target":{"@type":"EntryPoint","urlTemplate":"https:\/\/pepinierestaubin.ca\/en?s={search_term_string}"},"query-input":{"@type":"PropertyValueSpecification","valueRequired":true,"valueName":"search_term_string"}}],"inLanguage":"en-US"},{"@type":"Organization","@id":"https:\/\/pepinierestaubin.ca\/en#organization","name":"P\u00e9pini\u00e8re Richard St-Aubin","url":"https:\/\/pepinierestaubin.ca\/en","logo":{"@type":"ImageObject","inLanguage":"en-US","@id":"https:\/\/pepinierestaubin.ca\/en#\/schema\/logo\/image\/","url":"https:\/\/pepinierestaubin.ca\/wp-content\/uploads\/2019\/04\/Pepiniere-Richard-St-Aubin-logo.png","contentUrl":"https:\/\/pepinierestaubin.ca\/wp-content\/uploads\/2019\/04\/Pepiniere-Richard-St-Aubin-logo.png","width":380,"height":156,"caption":"P\u00e9pini\u00e8re Richard St-Aubin"},"image":{"@id":"https:\/\/pepinierestaubin.ca\/en#\/schema\/logo\/image\/"}}]}},"featured_image_src":null,"featured_image_src_square":null,"_links":{"self":[{"href":"https:\/\/pepinierestaubin.ca\/en\/wp-json\/wp\/v2\/pages\/2159","targetHints":{"allow":["GET"]}}],"collection":[{"href":"https:\/\/pepinierestaubin.ca\/en\/wp-json\/wp\/v2\/pages"}],"about":[{"href":"https:\/\/pepinierestaubin.ca\/en\/wp-json\/wp\/v2\/types\/page"}],"author":[{"embeddable":true,"href":"https:\/\/pepinierestaubin.ca\/en\/wp-json\/wp\/v2\/users\/1"}],"replies":[{"embeddable":true,"href":"https:\/\/pepinierestaubin.ca\/en\/wp-json\/wp\/v2\/comments?post=2159"}],"version-history":[{"count":2,"href":"https:\/\/pepinierestaubin.ca\/en\/wp-json\/wp\/v2\/pages\/2159\/revisions"}],"predecessor-version":[{"id":4448,"href":"https:\/\/pepinierestaubin.ca\/en\/wp-json\/wp\/v2\/pages\/2159\/revisions\/4448"}],"wp:attachment":[{"href":"https:\/\/pepinierestaubin.ca\/en\/wp-json\/wp\/v2\/media?parent=2159"}],"curies":[{"name":"wp","href":"https:\/\/api.w.org\/{rel}","templated":true}]}}