{"id":3188,"date":"2021-04-09T17:17:02","date_gmt":"2021-04-09T17:17:02","guid":{"rendered":"https:\/\/pepinierestaubin.ca\/?page_id=3188"},"modified":"2021-05-04T14:48:08","modified_gmt":"2021-05-04T14:48:08","slug":"videos","status":"publish","type":"page","link":"https:\/\/pepinierestaubin.ca\/en\/videos","title":{"rendered":"GALLERY"},"content":{"rendered":"\r\n<div id=\"aiovg-6a0391750cab51\" class=\"aiovg aiovg-videos aiovg-videos-template-classic\">\r\n            <div class=\"aiovg-count\">\r\n            3 videos found        <\/div>\r\n        \r\n    <!-- Videos -->\r\n    <div class=\"aiovg-section-videos aiovg-grid aiovg-row\">   \r\n                    \r\n            <div class=\"aiovg-item-video aiovg-item-video-3248 aiovg-col aiovg-col-3 aiovg-col-xs-2\" data-id=\"3248\">\r\n                \n<div class=\"aiovg-thumbnail aiovg-thumbnail-style-image-top\">\n    <a href=\"https:\/\/pepinierestaubin.ca\/en\/aiovg_videos\/encore-du-nouveau-gps-avec-auto-guidage-ayant-une-marge-derreur-de-seulement-1-nous-pouvons-maintenant-planter-18-plus-de-cedres-dans-nos-champs\" class=\"aiovg-responsive-container\" style=\"padding-bottom: 56.25%;\"><img decoding=\"async\" src=\"https:\/\/pepinierestaubin.ca\/wp-content\/uploads\/2021\/04\/Plantation-176x300.jpg\" alt=\"Encore du nouveau!!! GPS avec Auto-Guidage, ayant une marge d\u2019erreur de seulement 1&quot;. Nous pouvons maintenant planter 18% plus de c\u00e8dres dans nos champs.\" class=\"aiovg-responsive-element\"\/><svg xmlns=\"http:\/\/www.w3.org\/2000\/svg\" fill=\"white\" width=\"40\" height=\"40\" viewBox=\"0 0 24 24\" class=\"aiovg-svg-icon-play aiovg-flex-shrink-0\">\n            <path fill-rule=\"evenodd\" d=\"M2.25 12c0-5.385 4.365-9.75 9.75-9.75s9.75 4.365 9.75 9.75-4.365 9.75-9.75 9.75S2.25 17.385 2.25 12Zm14.024-.983a1.125 1.125 0 0 1 0 1.966l-5.603 3.113A1.125 1.125 0 0 1 9 15.113V8.887c0-.857.921-1.4 1.671-.983l5.603 3.113Z\" clip-rule=\"evenodd\" \/>\n        <\/svg><\/a> \n    <div class=\"aiovg-caption\">\n                    <div class=\"aiovg-title\">\n                <a href=\"https:\/\/pepinierestaubin.ca\/en\/aiovg_videos\/encore-du-nouveau-gps-avec-auto-guidage-ayant-une-marge-derreur-de-seulement-1-nous-pouvons-maintenant-planter-18-plus-de-cedres-dans-nos-champs\" class=\"aiovg-link-title\">Encore du nouveau!!! GPS avec Auto-Guidage, ayant une marge d\u2019erreur de seulement 1&#8243;. Nous pouvons maintenant planter 18% plus de c\u00e8dres dans nos champs.<\/a>            <\/div>\n        \n        \n               \n        \n        \n               \n\n         \n        \n            <\/div>    \n<\/div>            \r\n            <\/div>                \r\n                        \r\n            <div class=\"aiovg-item-video aiovg-item-video-3179 aiovg-col aiovg-col-3 aiovg-col-xs-2\" data-id=\"3179\">\r\n                \n<div class=\"aiovg-thumbnail aiovg-thumbnail-style-image-top\">\n    <a href=\"https:\/\/pepinierestaubin.ca\/en\/aiovg_videos\/video1\" class=\"aiovg-responsive-container\" style=\"padding-bottom: 56.25%;\"><img decoding=\"async\" src=\"https:\/\/pepinierestaubin.ca\/wp-content\/uploads\/2021\/04\/video.jpg\" alt=\"Nouvelle technologie \u00e0 deux couteaux pour un maximum de maniabilit\u00e9 et une meilleure qualit\u00e9 d\u2019arrachage\" class=\"aiovg-responsive-element\"\/><svg xmlns=\"http:\/\/www.w3.org\/2000\/svg\" fill=\"white\" width=\"40\" height=\"40\" viewBox=\"0 0 24 24\" class=\"aiovg-svg-icon-play aiovg-flex-shrink-0\">\n            <path fill-rule=\"evenodd\" d=\"M2.25 12c0-5.385 4.365-9.75 9.75-9.75s9.75 4.365 9.75 9.75-4.365 9.75-9.75 9.75S2.25 17.385 2.25 12Zm14.024-.983a1.125 1.125 0 0 1 0 1.966l-5.603 3.113A1.125 1.125 0 0 1 9 15.113V8.887c0-.857.921-1.4 1.671-.983l5.603 3.113Z\" clip-rule=\"evenodd\" \/>\n        <\/svg><\/a> \n    <div class=\"aiovg-caption\">\n                    <div class=\"aiovg-title\">\n                <a href=\"https:\/\/pepinierestaubin.ca\/en\/aiovg_videos\/video1\" class=\"aiovg-link-title\">Nouvelle technologie \u00e0 deux couteaux pour un maximum de maniabilit\u00e9 et une meilleure qualit\u00e9 d\u2019arrachage<\/a>            <\/div>\n        \n        \n               \n        \n        \n               \n\n         \n        \n            <\/div>    \n<\/div>            \r\n            <\/div>                \r\n                        \r\n            <div class=\"aiovg-item-video aiovg-item-video-3251 aiovg-col aiovg-col-3 aiovg-col-xs-2\" data-id=\"3251\">\r\n                \n<div class=\"aiovg-thumbnail aiovg-thumbnail-style-image-top\">\n    <a href=\"https:\/\/pepinierestaubin.ca\/en\/aiovg_videos\/voici-notre-processus-de-plantation-en-pot\" class=\"aiovg-responsive-container\" style=\"padding-bottom: 56.25%;\"><img decoding=\"async\" src=\"https:\/\/pepinierestaubin.ca\/wp-content\/uploads\/2021\/04\/Capture-177x300.jpg\" alt=\"Voici notre processus de plantation en pot.\" class=\"aiovg-responsive-element\"\/><svg xmlns=\"http:\/\/www.w3.org\/2000\/svg\" fill=\"white\" width=\"40\" height=\"40\" viewBox=\"0 0 24 24\" class=\"aiovg-svg-icon-play aiovg-flex-shrink-0\">\n            <path fill-rule=\"evenodd\" d=\"M2.25 12c0-5.385 4.365-9.75 9.75-9.75s9.75 4.365 9.75 9.75-4.365 9.75-9.75 9.75S2.25 17.385 2.25 12Zm14.024-.983a1.125 1.125 0 0 1 0 1.966l-5.603 3.113A1.125 1.125 0 0 1 9 15.113V8.887c0-.857.921-1.4 1.671-.983l5.603 3.113Z\" clip-rule=\"evenodd\" \/>\n        <\/svg><\/a> \n    <div class=\"aiovg-caption\">\n                    <div class=\"aiovg-title\">\n                <a href=\"https:\/\/pepinierestaubin.ca\/en\/aiovg_videos\/voici-notre-processus-de-plantation-en-pot\" class=\"aiovg-link-title\">Voici notre processus de plantation en pot.<\/a>            <\/div>\n        \n        \n               \n        \n        \n               \n\n         \n        \n            <\/div>    \n<\/div>            \r\n            <\/div>                \r\n                <\/div>\r\n    \r\n    <\/div>\n\n\n\n<figure class=\"wp-block-gallery columns-3 is-cropped wp-block-gallery-1 is-layout-flex wp-block-gallery-is-layout-flex\"><ul class=\"blocks-gallery-grid\"><li class=\"blocks-gallery-item\"><figure><img loading=\"lazy\" decoding=\"async\" width=\"576\" height=\"1024\" src=\"https:\/\/pepinierestaubin.ca\/wp-content\/uploads\/2021\/04\/52827976_1933529753440423_1569178817128300544_n-1-576x1024.jpg\" alt=\"\" data-id=\"3258\" data-full-url=\"https:\/\/pepinierestaubin.ca\/wp-content\/uploads\/2021\/04\/52827976_1933529753440423_1569178817128300544_n-1.jpg\" data-link=\"https:\/\/pepinierestaubin.ca\/en\/videos\/attachment\/52827976_1933529753440423_1569178817128300544_n-1-2\" class=\"wp-image-3258\" srcset=\"https:\/\/pepinierestaubin.ca\/wp-content\/uploads\/2021\/04\/52827976_1933529753440423_1569178817128300544_n-1-576x1024.jpg 576w, https:\/\/pepinierestaubin.ca\/wp-content\/uploads\/2021\/04\/52827976_1933529753440423_1569178817128300544_n-1-169x300.jpg 169w, https:\/\/pepinierestaubin.ca\/wp-content\/uploads\/2021\/04\/52827976_1933529753440423_1569178817128300544_n-1-768x1366.jpg 768w, https:\/\/pepinierestaubin.ca\/wp-content\/uploads\/2021\/04\/52827976_1933529753440423_1569178817128300544_n-1-864x1536.jpg 864w, https:\/\/pepinierestaubin.ca\/wp-content\/uploads\/2021\/04\/52827976_1933529753440423_1569178817128300544_n-1.jpg 1125w\" sizes=\"auto, (max-width: 576px) 100vw, 576px\" \/><\/figure><\/li><li class=\"blocks-gallery-item\"><figure><img loading=\"lazy\" decoding=\"async\" width=\"1024\" height=\"766\" src=\"https:\/\/pepinierestaubin.ca\/wp-content\/uploads\/2021\/04\/60185340_2042464525880278_2314283307145101312_n-1-1024x766.jpg\" alt=\"\" data-id=\"3260\" data-full-url=\"https:\/\/pepinierestaubin.ca\/wp-content\/uploads\/2021\/04\/60185340_2042464525880278_2314283307145101312_n-1.jpg\" data-link=\"https:\/\/pepinierestaubin.ca\/en\/videos\/attachment\/60185340_2042464525880278_2314283307145101312_n-1-2\" class=\"wp-image-3260\" srcset=\"https:\/\/pepinierestaubin.ca\/wp-content\/uploads\/2021\/04\/60185340_2042464525880278_2314283307145101312_n-1-1024x766.jpg 1024w, https:\/\/pepinierestaubin.ca\/wp-content\/uploads\/2021\/04\/60185340_2042464525880278_2314283307145101312_n-1-300x225.jpg 300w, https:\/\/pepinierestaubin.ca\/wp-content\/uploads\/2021\/04\/60185340_2042464525880278_2314283307145101312_n-1-768x575.jpg 768w, https:\/\/pepinierestaubin.ca\/wp-content\/uploads\/2021\/04\/60185340_2042464525880278_2314283307145101312_n-1.jpg 1125w\" sizes=\"auto, (max-width: 1024px) 100vw, 1024px\" \/><\/figure><\/li><li class=\"blocks-gallery-item\"><figure><img loading=\"lazy\" decoding=\"async\" width=\"768\" height=\"1024\" src=\"https:\/\/pepinierestaubin.ca\/wp-content\/uploads\/2021\/04\/60400886_2050708741722523_4472196033387954176_n-1-768x1024.jpg\" alt=\"\" data-id=\"3262\" data-full-url=\"https:\/\/pepinierestaubin.ca\/wp-content\/uploads\/2021\/04\/60400886_2050708741722523_4472196033387954176_n-1.jpg\" data-link=\"https:\/\/pepinierestaubin.ca\/en\/videos\/attachment\/60400886_2050708741722523_4472196033387954176_n-1-2\" class=\"wp-image-3262\" srcset=\"https:\/\/pepinierestaubin.ca\/wp-content\/uploads\/2021\/04\/60400886_2050708741722523_4472196033387954176_n-1-768x1024.jpg 768w, https:\/\/pepinierestaubin.ca\/wp-content\/uploads\/2021\/04\/60400886_2050708741722523_4472196033387954176_n-1-225x300.jpg 225w, https:\/\/pepinierestaubin.ca\/wp-content\/uploads\/2021\/04\/60400886_2050708741722523_4472196033387954176_n-1.jpg 810w\" sizes=\"auto, (max-width: 768px) 100vw, 768px\" \/><\/figure><\/li><li class=\"blocks-gallery-item\"><figure><img loading=\"lazy\" decoding=\"async\" width=\"768\" height=\"1024\" src=\"https:\/\/pepinierestaubin.ca\/wp-content\/uploads\/2021\/04\/64328692_2103259266467470_4096678487123820544_n-1-768x1024.jpg\" alt=\"\" data-id=\"3264\" data-full-url=\"https:\/\/pepinierestaubin.ca\/wp-content\/uploads\/2021\/04\/64328692_2103259266467470_4096678487123820544_n-1.jpg\" data-link=\"https:\/\/pepinierestaubin.ca\/en\/videos\/attachment\/64328692_2103259266467470_4096678487123820544_n-1-2\" class=\"wp-image-3264\" srcset=\"https:\/\/pepinierestaubin.ca\/wp-content\/uploads\/2021\/04\/64328692_2103259266467470_4096678487123820544_n-1-768x1024.jpg 768w, https:\/\/pepinierestaubin.ca\/wp-content\/uploads\/2021\/04\/64328692_2103259266467470_4096678487123820544_n-1-225x300.jpg 225w, https:\/\/pepinierestaubin.ca\/wp-content\/uploads\/2021\/04\/64328692_2103259266467470_4096678487123820544_n-1-1152x1536.jpg 1152w, https:\/\/pepinierestaubin.ca\/wp-content\/uploads\/2021\/04\/64328692_2103259266467470_4096678487123820544_n-1.jpg 1536w\" sizes=\"auto, (max-width: 768px) 100vw, 768px\" \/><\/figure><\/li><li class=\"blocks-gallery-item\"><figure><img loading=\"lazy\" decoding=\"async\" width=\"890\" height=\"1024\" src=\"https:\/\/pepinierestaubin.ca\/wp-content\/uploads\/2021\/04\/98887961_2795199107273479_6251724202437509120_n-1-890x1024.jpg\" alt=\"\" data-id=\"3266\" data-full-url=\"https:\/\/pepinierestaubin.ca\/wp-content\/uploads\/2021\/04\/98887961_2795199107273479_6251724202437509120_n-1.jpg\" data-link=\"https:\/\/pepinierestaubin.ca\/en\/videos\/attachment\/98887961_2795199107273479_6251724202437509120_n-1-2\" class=\"wp-image-3266\" srcset=\"https:\/\/pepinierestaubin.ca\/wp-content\/uploads\/2021\/04\/98887961_2795199107273479_6251724202437509120_n-1-890x1024.jpg 890w, https:\/\/pepinierestaubin.ca\/wp-content\/uploads\/2021\/04\/98887961_2795199107273479_6251724202437509120_n-1-261x300.jpg 261w, https:\/\/pepinierestaubin.ca\/wp-content\/uploads\/2021\/04\/98887961_2795199107273479_6251724202437509120_n-1-768x884.jpg 768w, https:\/\/pepinierestaubin.ca\/wp-content\/uploads\/2021\/04\/98887961_2795199107273479_6251724202437509120_n-1-1335x1536.jpg 1335w, https:\/\/pepinierestaubin.ca\/wp-content\/uploads\/2021\/04\/98887961_2795199107273479_6251724202437509120_n-1.jpg 1780w\" sizes=\"auto, (max-width: 890px) 100vw, 890px\" \/><\/figure><\/li><li class=\"blocks-gallery-item\"><figure><img loading=\"lazy\" decoding=\"async\" width=\"768\" height=\"1024\" src=\"https:\/\/pepinierestaubin.ca\/wp-content\/uploads\/2021\/04\/99081183_2795203463939710_6242125328488071168_n-1-768x1024.jpg\" alt=\"\" data-id=\"3268\" data-full-url=\"https:\/\/pepinierestaubin.ca\/wp-content\/uploads\/2021\/04\/99081183_2795203463939710_6242125328488071168_n-1.jpg\" data-link=\"https:\/\/pepinierestaubin.ca\/en\/videos\/attachment\/99081183_2795203463939710_6242125328488071168_n-1-2\" class=\"wp-image-3268\" srcset=\"https:\/\/pepinierestaubin.ca\/wp-content\/uploads\/2021\/04\/99081183_2795203463939710_6242125328488071168_n-1-768x1024.jpg 768w, https:\/\/pepinierestaubin.ca\/wp-content\/uploads\/2021\/04\/99081183_2795203463939710_6242125328488071168_n-1-225x300.jpg 225w, https:\/\/pepinierestaubin.ca\/wp-content\/uploads\/2021\/04\/99081183_2795203463939710_6242125328488071168_n-1-1152x1536.jpg 1152w, https:\/\/pepinierestaubin.ca\/wp-content\/uploads\/2021\/04\/99081183_2795203463939710_6242125328488071168_n-1.jpg 1536w\" sizes=\"auto, (max-width: 768px) 100vw, 768px\" \/><\/figure><\/li><li class=\"blocks-gallery-item\"><figure><img loading=\"lazy\" decoding=\"async\" width=\"1024\" height=\"768\" src=\"https:\/\/pepinierestaubin.ca\/wp-content\/uploads\/2021\/04\/177844603_161120099157501_7988521912952060834_n-2-1024x768.jpg\" alt=\"\" data-id=\"3270\" data-full-url=\"https:\/\/pepinierestaubin.ca\/wp-content\/uploads\/2021\/04\/177844603_161120099157501_7988521912952060834_n-2.jpg\" data-link=\"https:\/\/pepinierestaubin.ca\/en\/videos\/attachment\/177844603_161120099157501_7988521912952060834_n-2-2-2\" class=\"wp-image-3270\" srcset=\"https:\/\/pepinierestaubin.ca\/wp-content\/uploads\/2021\/04\/177844603_161120099157501_7988521912952060834_n-2-1024x768.jpg 1024w, https:\/\/pepinierestaubin.ca\/wp-content\/uploads\/2021\/04\/177844603_161120099157501_7988521912952060834_n-2-300x225.jpg 300w, https:\/\/pepinierestaubin.ca\/wp-content\/uploads\/2021\/04\/177844603_161120099157501_7988521912952060834_n-2-768x576.jpg 768w, https:\/\/pepinierestaubin.ca\/wp-content\/uploads\/2021\/04\/177844603_161120099157501_7988521912952060834_n-2-1536x1152.jpg 1536w, https:\/\/pepinierestaubin.ca\/wp-content\/uploads\/2021\/04\/177844603_161120099157501_7988521912952060834_n-2-2048x1535.jpg 2048w\" sizes=\"auto, (max-width: 1024px) 100vw, 1024px\" \/><\/figure><\/li><\/ul><\/figure>\n","protected":false},"excerpt":{"rendered":"","protected":false},"author":2,"featured_media":4114,"parent":0,"menu_order":0,"comment_status":"closed","ping_status":"closed","template":"","meta":{"_acf_changed":false,"_genesis_hide_title":false,"_genesis_hide_breadcrumbs":false,"_genesis_hide_singular_image":false,"_genesis_hide_footer_widgets":false,"_genesis_custom_body_class":"","_genesis_custom_post_class":"","_genesis_layout":"","footnotes":""},"class_list":{"0":"post-3188","1":"page","2":"type-page","3":"status-publish","4":"has-post-thumbnail","6":"entry"},"acf":[],"yoast_head":"<!-- This site is optimized with the Yoast SEO plugin v27.3 - https:\/\/yoast.com\/product\/yoast-seo-wordpress\/ -->\n<title>GALLERY - P\u00e9pini\u00e8re Richard St-Aubin<\/title>\n<meta name=\"robots\" content=\"index, follow, max-snippet:-1, max-image-preview:large, max-video-preview:-1\" \/>\n<link rel=\"canonical\" href=\"https:\/\/pepinierestaubin.ca\/en\/videos\" \/>\n<meta property=\"og:locale\" content=\"en_US\" \/>\n<meta property=\"og:type\" content=\"article\" \/>\n<meta property=\"og:title\" content=\"GALLERY - P\u00e9pini\u00e8re Richard St-Aubin\" \/>\n<meta property=\"og:url\" content=\"https:\/\/pepinierestaubin.ca\/en\/videos\" \/>\n<meta property=\"og:site_name\" content=\"P\u00e9pini\u00e8re Richard St-Aubin\" \/>\n<meta property=\"article:modified_time\" content=\"2021-05-04T14:48:08+00:00\" \/>\n<meta property=\"og:image\" content=\"https:\/\/pepinierestaubin.ca\/wp-content\/uploads\/2022\/10\/dji_fly_20220915_113204_115_1663256179924_photo_optimized.jpeg\" \/>\n\t<meta property=\"og:image:width\" content=\"1930\" \/>\n\t<meta property=\"og:image:height\" content=\"1086\" \/>\n\t<meta property=\"og:image:type\" content=\"image\/jpeg\" \/>\n<meta name=\"twitter:card\" content=\"summary_large_image\" \/>\n<meta name=\"twitter:label1\" content=\"Est. reading time\" \/>\n\t<meta name=\"twitter:data1\" content=\"2 minutes\" \/>\n<script type=\"application\/ld+json\" class=\"yoast-schema-graph\">{\"@context\":\"https:\\\/\\\/schema.org\",\"@graph\":[{\"@type\":\"WebPage\",\"@id\":\"https:\\\/\\\/pepinierestaubin.ca\\\/en\\\/videos\",\"url\":\"https:\\\/\\\/pepinierestaubin.ca\\\/en\\\/videos\",\"name\":\"GALLERY - P\u00e9pini\u00e8re Richard St-Aubin\",\"isPartOf\":{\"@id\":\"https:\\\/\\\/pepinierestaubin.ca\\\/en#website\"},\"primaryImageOfPage\":{\"@id\":\"https:\\\/\\\/pepinierestaubin.ca\\\/en\\\/videos#primaryimage\"},\"image\":{\"@id\":\"https:\\\/\\\/pepinierestaubin.ca\\\/en\\\/videos#primaryimage\"},\"thumbnailUrl\":\"https:\\\/\\\/pepinierestaubin.ca\\\/wp-content\\\/uploads\\\/2022\\\/10\\\/dji_fly_20220915_113204_115_1663256179924_photo_optimized.jpeg\",\"datePublished\":\"2021-04-09T17:17:02+00:00\",\"dateModified\":\"2021-05-04T14:48:08+00:00\",\"inLanguage\":\"en-US\",\"potentialAction\":[{\"@type\":\"ReadAction\",\"target\":[\"https:\\\/\\\/pepinierestaubin.ca\\\/en\\\/videos\"]}]},{\"@type\":\"ImageObject\",\"inLanguage\":\"en-US\",\"@id\":\"https:\\\/\\\/pepinierestaubin.ca\\\/en\\\/videos#primaryimage\",\"url\":\"https:\\\/\\\/pepinierestaubin.ca\\\/wp-content\\\/uploads\\\/2022\\\/10\\\/dji_fly_20220915_113204_115_1663256179924_photo_optimized.jpeg\",\"contentUrl\":\"https:\\\/\\\/pepinierestaubin.ca\\\/wp-content\\\/uploads\\\/2022\\\/10\\\/dji_fly_20220915_113204_115_1663256179924_photo_optimized.jpeg\",\"width\":1930,\"height\":1086},{\"@type\":\"WebSite\",\"@id\":\"https:\\\/\\\/pepinierestaubin.ca\\\/en#website\",\"url\":\"https:\\\/\\\/pepinierestaubin.ca\\\/en\",\"name\":\"P\u00e9pini\u00e8re Richard St-Aubin\",\"description\":\"Producteurs de conif\u00e8res et d\u2019arbustes au Qu\u00e9bec\",\"publisher\":{\"@id\":\"https:\\\/\\\/pepinierestaubin.ca\\\/en#organization\"},\"potentialAction\":[{\"@type\":\"SearchAction\",\"target\":{\"@type\":\"EntryPoint\",\"urlTemplate\":\"https:\\\/\\\/pepinierestaubin.ca\\\/en?s={search_term_string}\"},\"query-input\":{\"@type\":\"PropertyValueSpecification\",\"valueRequired\":true,\"valueName\":\"search_term_string\"}}],\"inLanguage\":\"en-US\"},{\"@type\":\"Organization\",\"@id\":\"https:\\\/\\\/pepinierestaubin.ca\\\/en#organization\",\"name\":\"P\u00e9pini\u00e8re Richard St-Aubin\",\"url\":\"https:\\\/\\\/pepinierestaubin.ca\\\/en\",\"logo\":{\"@type\":\"ImageObject\",\"inLanguage\":\"en-US\",\"@id\":\"https:\\\/\\\/pepinierestaubin.ca\\\/en#\\\/schema\\\/logo\\\/image\\\/\",\"url\":\"https:\\\/\\\/pepinierestaubin.ca\\\/wp-content\\\/uploads\\\/2019\\\/04\\\/Pepiniere-Richard-St-Aubin-logo.png\",\"contentUrl\":\"https:\\\/\\\/pepinierestaubin.ca\\\/wp-content\\\/uploads\\\/2019\\\/04\\\/Pepiniere-Richard-St-Aubin-logo.png\",\"width\":380,\"height\":156,\"caption\":\"P\u00e9pini\u00e8re Richard St-Aubin\"},\"image\":{\"@id\":\"https:\\\/\\\/pepinierestaubin.ca\\\/en#\\\/schema\\\/logo\\\/image\\\/\"}}]}<\/script>\n<!-- \/ Yoast SEO plugin. -->","yoast_head_json":{"title":"GALLERY - P\u00e9pini\u00e8re Richard St-Aubin","robots":{"index":"index","follow":"follow","max-snippet":"max-snippet:-1","max-image-preview":"max-image-preview:large","max-video-preview":"max-video-preview:-1"},"canonical":"https:\/\/pepinierestaubin.ca\/en\/videos","og_locale":"en_US","og_type":"article","og_title":"GALLERY - P\u00e9pini\u00e8re Richard St-Aubin","og_url":"https:\/\/pepinierestaubin.ca\/en\/videos","og_site_name":"P\u00e9pini\u00e8re Richard St-Aubin","article_modified_time":"2021-05-04T14:48:08+00:00","og_image":[{"width":1930,"height":1086,"url":"https:\/\/pepinierestaubin.ca\/wp-content\/uploads\/2022\/10\/dji_fly_20220915_113204_115_1663256179924_photo_optimized.jpeg","type":"image\/jpeg"}],"twitter_card":"summary_large_image","twitter_misc":{"Est. reading time":"2 minutes"},"schema":{"@context":"https:\/\/schema.org","@graph":[{"@type":"WebPage","@id":"https:\/\/pepinierestaubin.ca\/en\/videos","url":"https:\/\/pepinierestaubin.ca\/en\/videos","name":"GALLERY - P\u00e9pini\u00e8re Richard St-Aubin","isPartOf":{"@id":"https:\/\/pepinierestaubin.ca\/en#website"},"primaryImageOfPage":{"@id":"https:\/\/pepinierestaubin.ca\/en\/videos#primaryimage"},"image":{"@id":"https:\/\/pepinierestaubin.ca\/en\/videos#primaryimage"},"thumbnailUrl":"https:\/\/pepinierestaubin.ca\/wp-content\/uploads\/2022\/10\/dji_fly_20220915_113204_115_1663256179924_photo_optimized.jpeg","datePublished":"2021-04-09T17:17:02+00:00","dateModified":"2021-05-04T14:48:08+00:00","inLanguage":"en-US","potentialAction":[{"@type":"ReadAction","target":["https:\/\/pepinierestaubin.ca\/en\/videos"]}]},{"@type":"ImageObject","inLanguage":"en-US","@id":"https:\/\/pepinierestaubin.ca\/en\/videos#primaryimage","url":"https:\/\/pepinierestaubin.ca\/wp-content\/uploads\/2022\/10\/dji_fly_20220915_113204_115_1663256179924_photo_optimized.jpeg","contentUrl":"https:\/\/pepinierestaubin.ca\/wp-content\/uploads\/2022\/10\/dji_fly_20220915_113204_115_1663256179924_photo_optimized.jpeg","width":1930,"height":1086},{"@type":"WebSite","@id":"https:\/\/pepinierestaubin.ca\/en#website","url":"https:\/\/pepinierestaubin.ca\/en","name":"P\u00e9pini\u00e8re Richard St-Aubin","description":"Producteurs de conif\u00e8res et d\u2019arbustes au Qu\u00e9bec","publisher":{"@id":"https:\/\/pepinierestaubin.ca\/en#organization"},"potentialAction":[{"@type":"SearchAction","target":{"@type":"EntryPoint","urlTemplate":"https:\/\/pepinierestaubin.ca\/en?s={search_term_string}"},"query-input":{"@type":"PropertyValueSpecification","valueRequired":true,"valueName":"search_term_string"}}],"inLanguage":"en-US"},{"@type":"Organization","@id":"https:\/\/pepinierestaubin.ca\/en#organization","name":"P\u00e9pini\u00e8re Richard St-Aubin","url":"https:\/\/pepinierestaubin.ca\/en","logo":{"@type":"ImageObject","inLanguage":"en-US","@id":"https:\/\/pepinierestaubin.ca\/en#\/schema\/logo\/image\/","url":"https:\/\/pepinierestaubin.ca\/wp-content\/uploads\/2019\/04\/Pepiniere-Richard-St-Aubin-logo.png","contentUrl":"https:\/\/pepinierestaubin.ca\/wp-content\/uploads\/2019\/04\/Pepiniere-Richard-St-Aubin-logo.png","width":380,"height":156,"caption":"P\u00e9pini\u00e8re Richard St-Aubin"},"image":{"@id":"https:\/\/pepinierestaubin.ca\/en#\/schema\/logo\/image\/"}}]}},"featured_image_src":"https:\/\/pepinierestaubin.ca\/wp-content\/uploads\/2022\/10\/dji_fly_20220915_113204_115_1663256179924_photo_optimized.jpeg","featured_image_src_square":"https:\/\/pepinierestaubin.ca\/wp-content\/uploads\/2022\/10\/dji_fly_20220915_113204_115_1663256179924_photo_optimized.jpeg","_links":{"self":[{"href":"https:\/\/pepinierestaubin.ca\/en\/wp-json\/wp\/v2\/pages\/3188","targetHints":{"allow":["GET"]}}],"collection":[{"href":"https:\/\/pepinierestaubin.ca\/en\/wp-json\/wp\/v2\/pages"}],"about":[{"href":"https:\/\/pepinierestaubin.ca\/en\/wp-json\/wp\/v2\/types\/page"}],"author":[{"embeddable":true,"href":"https:\/\/pepinierestaubin.ca\/en\/wp-json\/wp\/v2\/users\/2"}],"replies":[{"embeddable":true,"href":"https:\/\/pepinierestaubin.ca\/en\/wp-json\/wp\/v2\/comments?post=3188"}],"version-history":[{"count":4,"href":"https:\/\/pepinierestaubin.ca\/en\/wp-json\/wp\/v2\/pages\/3188\/revisions"}],"predecessor-version":[{"id":3254,"href":"https:\/\/pepinierestaubin.ca\/en\/wp-json\/wp\/v2\/pages\/3188\/revisions\/3254"}],"wp:featuredmedia":[{"embeddable":true,"href":"https:\/\/pepinierestaubin.ca\/en\/wp-json\/wp\/v2\/media\/4114"}],"wp:attachment":[{"href":"https:\/\/pepinierestaubin.ca\/en\/wp-json\/wp\/v2\/media?parent=3188"}],"curies":[{"name":"wp","href":"https:\/\/api.w.org\/{rel}","templated":true}]}}